{"id":1307,"date":"2025-02-12T19:50:05","date_gmt":"2025-02-12T18:50:05","guid":{"rendered":"https:\/\/tupacexpedition.com\/?page_id=1307"},"modified":"2025-02-12T19:50:58","modified_gmt":"2025-02-12T18:50:58","slug":"politica-de-privacidad-de-tupac-expedition","status":"publish","type":"page","link":"https:\/\/tupacexpedition.com\/index.php\/politica-de-privacidad-de-tupac-expedition\/","title":{"rendered":"Pol\u00edtica de Privacidad de TUPAC EXPEDITION"},"content":{"rendered":"\t\t<div data-elementor-type=\"wp-page\" data-elementor-id=\"1307\" class=\"elementor elementor-1307\">\n\t\t\t\t\t\t<section class=\"elementor-section elementor-top-section elementor-element elementor-element-7ecf87c elementor-section-boxed elementor-section-height-default elementor-section-height-default row-top\" data-id=\"7ecf87c\" data-element_type=\"section\" data-e-type=\"section\">\n\t\t\t\t\t\t<div class=\"elementor-container elementor-column-gap-default\">\n\t\t\t\t\t<div class=\"elementor-column elementor-col-100 elementor-top-column elementor-element elementor-element-f2512d8\" data-id=\"f2512d8\" data-element_type=\"column\" data-e-type=\"column\">\n\t\t\t<div class=\"elementor-widget-wrap elementor-element-populated\">\n\t\t\t\t\t\t<div class=\"elementor-element elementor-element-380989e elementor-widget elementor-widget-text-editor\" data-id=\"380989e\" data-element_type=\"widget\" data-e-type=\"widget\" data-widget_type=\"text-editor.default\">\n\t\t\t\t<div class=\"elementor-widget-container\">\n\t\t\t\t\t\t\t\t\t<p data-start=\"48\" data-end=\"430\">En <strong data-start=\"51\" data-end=\"71\">TUPAC EXPEDITION<\/strong>, nos comprometemos a proteger tu privacidad y garantizar la seguridad de tus datos personales. Sabemos lo importante que es para ti la protecci\u00f3n de tu informaci\u00f3n mientras disfrutas de nuestros servicios y experiencias de viaje. Esta pol\u00edtica describe c\u00f3mo recopilamos, utilizamos y protegemos tus datos cuando interact\u00faas con nuestro sitio web y servicios.<\/p><p data-start=\"432\" data-end=\"461\"><strong data-start=\"432\" data-end=\"461\">1. Seguridad de tus datos<\/strong><\/p><p data-start=\"463\" data-end=\"876\">Utilizamos el sistema TLS 1.1 (Transport Layer Security), un protocolo de encriptaci\u00f3n avanzado utilizado por las empresas m\u00e1s reconocidas a nivel mundial, para proteger la informaci\u00f3n personal que compartes con nosotros. Esto incluye tu nombre, correo electr\u00f3nico, direcci\u00f3n y detalles de pago. El protocolo TLS asegura que tu informaci\u00f3n est\u00e9 protegida contra accesos no autorizados mientras circula por la red.<\/p><p data-start=\"878\" data-end=\"920\"><strong data-start=\"878\" data-end=\"920\">2. \u00bfC\u00f3mo saber si tu compra es segura?<\/strong><\/p><p data-start=\"922\" data-end=\"1213\">Puedes verificar que tu transacci\u00f3n est\u00e1 protegida por un servidor seguro observando en la barra de direcciones de tu navegador un candado cerrado, generalmente acompa\u00f1ado de un color verde. Adem\u00e1s, puedes verificar la validez de nuestro certificado de seguridad, otorgado por Verisign, Inc.<\/p><p data-start=\"1215\" data-end=\"1251\"><strong data-start=\"1215\" data-end=\"1251\">3. Confidencialidad de tus datos<\/strong><\/p><p data-start=\"1253\" data-end=\"1635\">En <strong data-start=\"1256\" data-end=\"1276\">TUPAC EXPEDITION<\/strong>, nos aseguramos de que tus datos personales no se compartan con terceros ajenos a nuestra empresa. Solo los utilizamos para brindarte una mejor experiencia, responder a tus consultas, gestionar tus pedidos o procesar pagos. La informaci\u00f3n que nos proporcionas se maneja con total confidencialidad, respetando la legislaci\u00f3n vigente sobre protecci\u00f3n de datos.<\/p><p data-start=\"1637\" data-end=\"1675\"><strong data-start=\"1637\" data-end=\"1675\">4. Informaci\u00f3n personal solicitada<\/strong><\/p><p data-start=\"1677\" data-end=\"2054\">Cuando solicitas una cotizaci\u00f3n, o al realizar una compra o consulta, te pedimos informaci\u00f3n como tu nombre, correo electr\u00f3nico, documento de identificaci\u00f3n y n\u00famero de tel\u00e9fono. Esta informaci\u00f3n es necesaria para poder proporcionarte una respuesta personalizada y gestionar la entrega de nuestros servicios. No compartimos tus datos con empresas ajenas a <strong data-start=\"2033\" data-end=\"2053\">TUPAC EXPEDITION<\/strong>.<\/p><p data-start=\"2056\" data-end=\"2086\"><strong data-start=\"2056\" data-end=\"2086\">5. Comentarios de usuarios<\/strong><\/p><p data-start=\"2088\" data-end=\"2413\">Si decides dejar un comentario en nuestro sitio web, recopilamos los datos proporcionados en el formulario de comentarios (como nombre, correo electr\u00f3nico y contenido del comentario), adem\u00e1s de registrar la direcci\u00f3n IP y el agente de usuario del navegador. Esto se hace para evitar el spam y asegurar la seguridad del sitio.<\/p><p data-start=\"2415\" data-end=\"2734\">Si utilizas el servicio Gravatar, es posible que se env\u00ede un &#8220;hash&#8221; (cadena an\u00f3nima) a Gravatar para verificar si est\u00e1s utilizando su servicio. La pol\u00edtica de privacidad de Gravatar est\u00e1 disponible en su p\u00e1gina oficial. Una vez aprobado el comentario, la foto de perfil asociada a tu Gravatar ser\u00e1 visible p\u00fablicamente.<\/p><p data-start=\"2736\" data-end=\"2761\"><strong data-start=\"2736\" data-end=\"2761\">6. Subida de im\u00e1genes<\/strong><\/p><p data-start=\"2763\" data-end=\"3036\">Te recomendamos evitar incluir datos de ubicaci\u00f3n (GPS EXIF) en las im\u00e1genes que subas a nuestro sitio web, ya que los visitantes podr\u00edan extraer esta informaci\u00f3n. Nos preocupamos por tu privacidad y la de nuestros usuarios y tomamos las medidas necesarias para protegerla.<\/p><p data-start=\"3038\" data-end=\"3052\"><strong data-start=\"3038\" data-end=\"3052\">7. Cookies<\/strong><\/p><p data-start=\"3054\" data-end=\"3603\">Nuestro sitio utiliza cookies para mejorar la experiencia del usuario. Al dejar un comentario o interactuar con el sitio, puedes optar por guardar tu nombre, correo electr\u00f3nico y sitio web en cookies, lo que facilitar\u00e1 futuras interacciones. Estas cookies tienen una duraci\u00f3n de un a\u00f1o. Si tienes una cuenta y accedes a nuestro sitio, usamos cookies para almacenar tu informaci\u00f3n de inicio de sesi\u00f3n y preferencias de visualizaci\u00f3n. Las cookies de inicio de sesi\u00f3n duran dos d\u00edas, mientras que las preferencias de pantalla se guardan durante un a\u00f1o.<\/p><p data-start=\"3605\" data-end=\"3680\">Si decides cerrar sesi\u00f3n, las cookies de inicio de sesi\u00f3n ser\u00e1n eliminadas.<\/p><p data-start=\"3682\" data-end=\"3729\"><strong data-start=\"3682\" data-end=\"3729\">8. Contenido incrustado de otros sitios web<\/strong><\/p><p data-start=\"3731\" data-end=\"4039\">Nuestro sitio puede contener contenido de otros sitios, como v\u00eddeos o enlaces. Estos sitios pueden recopilar datos sobre ti, utilizar cookies y hacer un seguimiento adicional. Ten en cuenta que este tipo de contenido tambi\u00e9n puede rastrear tu interacci\u00f3n si tienes una cuenta y est\u00e1s conectado a esos sitios.<\/p><p data-start=\"4041\" data-end=\"4072\"><strong data-start=\"4041\" data-end=\"4072\">9. Derechos sobre tus datos<\/strong><\/p><p data-start=\"4074\" data-end=\"4369\">Tienes el derecho de acceder, modificar o eliminar la informaci\u00f3n personal que hayas proporcionado a trav\u00e9s de nuestro sitio. Si deseas recibir un archivo con todos los datos personales que tenemos sobre ti, o solicitar la eliminaci\u00f3n de dichos datos, puedes hacerlo contact\u00e1ndonos directamente.<\/p><p data-start=\"4371\" data-end=\"4406\"><strong data-start=\"4371\" data-end=\"4406\">10. \u00bfD\u00f3nde se env\u00edan tus datos?<\/strong><\/p><p data-start=\"4408\" data-end=\"4584\">Los comentarios de los visitantes pueden ser revisados por un servicio de detecci\u00f3n autom\u00e1tica de spam para garantizar la seguridad y la calidad del contenido de nuestro sitio.<\/p><p data-start=\"4586\" data-end=\"4615\"><strong data-start=\"4586\" data-end=\"4615\">11. Conservaci\u00f3n de datos<\/strong><\/p><p data-start=\"4617\" data-end=\"4943\">Los comentarios y sus metadatos se conservan indefinidamente para poder aprobar comentarios posteriores autom\u00e1ticamente. Si te registras en nuestro sitio, almacenamos la informaci\u00f3n personal proporcionada en tu perfil de usuario. Puedes ver, editar o eliminar tu informaci\u00f3n en cualquier momento, excepto el nombre de usuario.<\/p><p data-start=\"4945\" data-end=\"4981\"><strong data-start=\"4945\" data-end=\"4981\">12. Actualizaci\u00f3n de la pol\u00edtica<\/strong><\/p><p data-start=\"4983\" data-end=\"5151\">En <strong data-start=\"4986\" data-end=\"5006\">TUPAC EXPEDITION<\/strong>, nos reservamos el derecho de actualizar esta pol\u00edtica de privacidad en cualquier momento. Cualquier cambio ser\u00e1 publicado en nuestro sitio web.<\/p><p data-start=\"5153\" data-end=\"5355\" data-is-last-node=\"\">Si tienes preguntas o inquietudes sobre c\u00f3mo tratamos tus datos personales, no dudes en contactarnos. Estamos aqu\u00ed para garantizar que tu experiencia con <strong data-start=\"5307\" data-end=\"5327\">TUPAC EXPEDITION<\/strong> sea segura y satisfactoria.<\/p>\t\t\t\t\t\t\t\t<\/div>\n\t\t\t\t<\/div>\n\t\t\t\t\t<\/div>\n\t\t<\/div>\n\t\t\t\t\t<\/div>\n\t\t<\/section>\n\t\t\t\t<section class=\"elementor-section elementor-top-section elementor-element elementor-element-6f6c70d elementor-section-boxed elementor-section-height-default elementor-section-height-default row-top\" data-id=\"6f6c70d\" data-element_type=\"section\" data-e-type=\"section\">\n\t\t\t\t\t\t<div class=\"elementor-container elementor-column-gap-default\">\n\t\t\t\t\t<div class=\"elementor-column elementor-col-100 elementor-top-column elementor-element elementor-element-833c403\" data-id=\"833c403\" data-element_type=\"column\" data-e-type=\"column\">\n\t\t\t<div class=\"elementor-widget-wrap elementor-element-populated\">\n\t\t\t\t\t\t<div class=\"elementor-element elementor-element-9b6201a elementor-widget elementor-widget-image\" data-id=\"9b6201a\" data-element_type=\"widget\" data-e-type=\"widget\" data-widget_type=\"image.default\">\n\t\t\t\t<div class=\"elementor-widget-container\">\n\t\t\t\t\t\t\t\t\t\t\t\t\t\t\t<img fetchpriority=\"high\" decoding=\"async\" width=\"600\" height=\"243\" src=\"https:\/\/tupacexpedition.com\/wp-content\/uploads\/2021\/08\/logo-tupac-expeditions-ss.png\" class=\"attachment-large size-large wp-image-1173\" alt=\"\" \/>\t\t\t\t\t\t\t\t\t\t\t\t\t\t\t<\/div>\n\t\t\t\t<\/div>\n\t\t\t\t\t<\/div>\n\t\t<\/div>\n\t\t\t\t\t<\/div>\n\t\t<\/section>\n\t\t\t\t<\/div>\n\t\t","protected":false},"excerpt":{"rendered":"<p>En TUPAC EXPEDITION, nos comprometemos a proteger tu privacidad y garantizar la seguridad de tus datos personales. Sabemos lo importante que es para ti la protecci\u00f3n de tu informaci\u00f3n mientras [&hellip;]<\/p>\n","protected":false},"author":1,"featured_media":0,"parent":0,"menu_order":0,"comment_status":"closed","ping_status":"closed","template":"","meta":{"footnotes":""},"class_list":["post-1307","page","type-page","status-publish","hentry"],"_links":{"self":[{"href":"https:\/\/tupacexpedition.com\/index.php\/wp-json\/wp\/v2\/pages\/1307","targetHints":{"allow":["GET"]}}],"collection":[{"href":"https:\/\/tupacexpedition.com\/index.php\/wp-json\/wp\/v2\/pages"}],"about":[{"href":"https:\/\/tupacexpedition.com\/index.php\/wp-json\/wp\/v2\/types\/page"}],"author":[{"embeddable":true,"href":"https:\/\/tupacexpedition.com\/index.php\/wp-json\/wp\/v2\/users\/1"}],"replies":[{"embeddable":true,"href":"https:\/\/tupacexpedition.com\/index.php\/wp-json\/wp\/v2\/comments?post=1307"}],"version-history":[{"count":4,"href":"https:\/\/tupacexpedition.com\/index.php\/wp-json\/wp\/v2\/pages\/1307\/revisions"}],"predecessor-version":[{"id":1311,"href":"https:\/\/tupacexpedition.com\/index.php\/wp-json\/wp\/v2\/pages\/1307\/revisions\/1311"}],"wp:attachment":[{"href":"https:\/\/tupacexpedition.com\/index.php\/wp-json\/wp\/v2\/media?parent=1307"}],"curies":[{"name":"wp","href":"https:\/\/api.w.org\/{rel}","templated":true}]}}