{"id":1301,"date":"2025-02-12T19:43:46","date_gmt":"2025-02-12T18:43:46","guid":{"rendered":"https:\/\/tupacexpedition.com\/?page_id=1301"},"modified":"2025-02-12T19:45:33","modified_gmt":"2025-02-12T18:45:33","slug":"mision-vision","status":"publish","type":"page","link":"https:\/\/tupacexpedition.com\/index.php\/mision-vision\/","title":{"rendered":"Misi\u00f3n &amp; Visi\u00f3n"},"content":{"rendered":"\t\t<div data-elementor-type=\"wp-page\" data-elementor-id=\"1301\" class=\"elementor elementor-1301\">\n\t\t\t\t\t\t<section class=\"elementor-section elementor-top-section elementor-element elementor-element-2e94172 elementor-section-boxed elementor-section-height-default elementor-section-height-default row-top\" data-id=\"2e94172\" data-element_type=\"section\" data-e-type=\"section\">\n\t\t\t\t\t\t<div class=\"elementor-container elementor-column-gap-default\">\n\t\t\t\t\t<div class=\"elementor-column elementor-col-100 elementor-top-column elementor-element elementor-element-1a2f2d3\" data-id=\"1a2f2d3\" data-element_type=\"column\" data-e-type=\"column\">\n\t\t\t<div class=\"elementor-widget-wrap elementor-element-populated\">\n\t\t\t\t\t\t<div class=\"elementor-element elementor-element-980774d elementor-widget elementor-widget-heading\" data-id=\"980774d\" data-element_type=\"widget\" data-e-type=\"widget\" data-widget_type=\"heading.default\">\n\t\t\t\t<div class=\"elementor-widget-container\">\n\t\t\t\t\t<h2 class=\"elementor-heading-title elementor-size-default\">Misi\u00f3n<\/h2>\t\t\t\t<\/div>\n\t\t\t\t<\/div>\n\t\t\t\t\t<\/div>\n\t\t<\/div>\n\t\t\t\t\t<\/div>\n\t\t<\/section>\n\t\t\t\t<section class=\"elementor-section elementor-top-section elementor-element elementor-element-1cd6ded elementor-section-boxed elementor-section-height-default elementor-section-height-default row-top\" data-id=\"1cd6ded\" data-element_type=\"section\" data-e-type=\"section\">\n\t\t\t\t\t\t<div class=\"elementor-container elementor-column-gap-default\">\n\t\t\t\t\t<div class=\"elementor-column elementor-col-100 elementor-top-column elementor-element elementor-element-6bbb59d\" data-id=\"6bbb59d\" data-element_type=\"column\" data-e-type=\"column\">\n\t\t\t<div class=\"elementor-widget-wrap elementor-element-populated\">\n\t\t\t\t\t\t<div class=\"elementor-element elementor-element-81ac905 elementor-widget elementor-widget-text-editor\" data-id=\"81ac905\" data-element_type=\"widget\" data-e-type=\"widget\" data-widget_type=\"text-editor.default\">\n\t\t\t\t<div class=\"elementor-widget-container\">\n\t\t\t\t\t\t\t\t\t<p>En <strong data-start=\"15\" data-end=\"35\">TUPAC EXPEDITION<\/strong>, nos dedicamos a ofrecer experiencias de viaje excepcionales y aut\u00e9nticas, conectando a los viajeros con la majestuosidad de Cusco y Machu Picchu. Nuestra misi\u00f3n es transformar tu exploraci\u00f3n en un viaje \u00fanico, en el que cada paso est\u00e9 marcado por la historia, la cultura y los paisajes impresionantes de los Andes. Nos comprometemos a brindar un servicio de alta calidad, creando itinerarios personalizados que respondan a los intereses y deseos de cada uno de nuestros viajeros. Con un enfoque en la sostenibilidad y el respeto por las comunidades locales, trabajamos para que tu aventura no solo sea memorable, sino tambi\u00e9n enriquecedora y responsable.<\/p>\t\t\t\t\t\t\t\t<\/div>\n\t\t\t\t<\/div>\n\t\t\t\t\t<\/div>\n\t\t<\/div>\n\t\t\t\t\t<\/div>\n\t\t<\/section>\n\t\t\t\t<section class=\"elementor-section elementor-top-section elementor-element elementor-element-ca253b1 elementor-section-boxed elementor-section-height-default elementor-section-height-default row-top\" data-id=\"ca253b1\" data-element_type=\"section\" data-e-type=\"section\">\n\t\t\t\t\t\t<div class=\"elementor-container elementor-column-gap-default\">\n\t\t\t\t\t<div class=\"elementor-column elementor-col-100 elementor-top-column elementor-element elementor-element-e626535\" data-id=\"e626535\" data-element_type=\"column\" data-e-type=\"column\">\n\t\t\t<div class=\"elementor-widget-wrap elementor-element-populated\">\n\t\t\t\t\t\t<div class=\"elementor-element elementor-element-95c4608 elementor-widget elementor-widget-heading\" data-id=\"95c4608\" data-element_type=\"widget\" data-e-type=\"widget\" data-widget_type=\"heading.default\">\n\t\t\t\t<div class=\"elementor-widget-container\">\n\t\t\t\t\t<h2 class=\"elementor-heading-title elementor-size-default\">Visi\u00f3n<\/h2>\t\t\t\t<\/div>\n\t\t\t\t<\/div>\n\t\t\t\t\t<\/div>\n\t\t<\/div>\n\t\t\t\t\t<\/div>\n\t\t<\/section>\n\t\t\t\t<section class=\"elementor-section elementor-top-section elementor-element elementor-element-af16961 elementor-section-boxed elementor-section-height-default elementor-section-height-default row-top\" data-id=\"af16961\" data-element_type=\"section\" data-e-type=\"section\">\n\t\t\t\t\t\t<div class=\"elementor-container elementor-column-gap-default\">\n\t\t\t\t\t<div class=\"elementor-column elementor-col-100 elementor-top-column elementor-element elementor-element-e4a6b1b\" data-id=\"e4a6b1b\" data-element_type=\"column\" data-e-type=\"column\">\n\t\t\t<div class=\"elementor-widget-wrap elementor-element-populated\">\n\t\t\t\t\t\t<div class=\"elementor-element elementor-element-ddbce08 elementor-widget elementor-widget-text-editor\" data-id=\"ddbce08\" data-element_type=\"widget\" data-e-type=\"widget\" data-widget_type=\"text-editor.default\">\n\t\t\t\t<div class=\"elementor-widget-container\">\n\t\t\t\t\t\t\t\t\t<p>En <strong data-start=\"708\" data-end=\"728\">TUPAC EXPEDITION<\/strong>, so\u00f1amos con ser la agencia de viajes l\u00edder en Cusco y Machu Picchu, conocida por ofrecer experiencias aut\u00e9nticas y transformadoras. Aspiramos a ser la primera opci\u00f3n para aquellos viajeros que buscan una conexi\u00f3n profunda con la historia, la cultura y la naturaleza de la regi\u00f3n andina. Nuestro objetivo es crear recuerdos que perduren, brindando un servicio que supere las expectativas de cada cliente, mientras promovemos el desarrollo sostenible y el bienestar de las comunidades locales. Queremos ser una ventana a nuevas aventuras, donde cada recorrido se convierte en una historia que contar.<\/p>\t\t\t\t\t\t\t\t<\/div>\n\t\t\t\t<\/div>\n\t\t\t\t\t<\/div>\n\t\t<\/div>\n\t\t\t\t\t<\/div>\n\t\t<\/section>\n\t\t\t\t<section class=\"elementor-section elementor-top-section elementor-element elementor-element-2ad9911 elementor-section-boxed elementor-section-height-default elementor-section-height-default row-top\" data-id=\"2ad9911\" data-element_type=\"section\" data-e-type=\"section\">\n\t\t\t\t\t\t<div class=\"elementor-container elementor-column-gap-default\">\n\t\t\t\t\t<div class=\"elementor-column elementor-col-100 elementor-top-column elementor-element elementor-element-6e020d3\" data-id=\"6e020d3\" data-element_type=\"column\" data-e-type=\"column\">\n\t\t\t<div class=\"elementor-widget-wrap elementor-element-populated\">\n\t\t\t\t\t\t<div class=\"elementor-element elementor-element-e070e0f elementor-widget elementor-widget-image\" data-id=\"e070e0f\" data-element_type=\"widget\" data-e-type=\"widget\" data-widget_type=\"image.default\">\n\t\t\t\t<div class=\"elementor-widget-container\">\n\t\t\t\t\t\t\t\t\t\t\t\t\t\t\t<img fetchpriority=\"high\" decoding=\"async\" width=\"600\" height=\"243\" src=\"https:\/\/tupacexpedition.com\/wp-content\/uploads\/2021\/08\/logo-tupac-expeditions-ss.png\" class=\"attachment-large size-large wp-image-1173\" alt=\"\" \/>\t\t\t\t\t\t\t\t\t\t\t\t\t\t\t<\/div>\n\t\t\t\t<\/div>\n\t\t\t\t\t<\/div>\n\t\t<\/div>\n\t\t\t\t\t<\/div>\n\t\t<\/section>\n\t\t\t\t<\/div>\n\t\t","protected":false},"excerpt":{"rendered":"<p>Misi\u00f3n En TUPAC EXPEDITION, nos dedicamos a ofrecer experiencias de viaje excepcionales y aut\u00e9nticas, conectando a los viajeros con la majestuosidad de Cusco y Machu Picchu. Nuestra misi\u00f3n es transformar [&hellip;]<\/p>\n","protected":false},"author":1,"featured_media":0,"parent":0,"menu_order":0,"comment_status":"closed","ping_status":"closed","template":"","meta":{"footnotes":""},"class_list":["post-1301","page","type-page","status-publish","hentry"],"_links":{"self":[{"href":"https:\/\/tupacexpedition.com\/index.php\/wp-json\/wp\/v2\/pages\/1301","targetHints":{"allow":["GET"]}}],"collection":[{"href":"https:\/\/tupacexpedition.com\/index.php\/wp-json\/wp\/v2\/pages"}],"about":[{"href":"https:\/\/tupacexpedition.com\/index.php\/wp-json\/wp\/v2\/types\/page"}],"author":[{"embeddable":true,"href":"https:\/\/tupacexpedition.com\/index.php\/wp-json\/wp\/v2\/users\/1"}],"replies":[{"embeddable":true,"href":"https:\/\/tupacexpedition.com\/index.php\/wp-json\/wp\/v2\/comments?post=1301"}],"version-history":[{"count":4,"href":"https:\/\/tupacexpedition.com\/index.php\/wp-json\/wp\/v2\/pages\/1301\/revisions"}],"predecessor-version":[{"id":1305,"href":"https:\/\/tupacexpedition.com\/index.php\/wp-json\/wp\/v2\/pages\/1301\/revisions\/1305"}],"wp:attachment":[{"href":"https:\/\/tupacexpedition.com\/index.php\/wp-json\/wp\/v2\/media?parent=1301"}],"curies":[{"name":"wp","href":"https:\/\/api.w.org\/{rel}","templated":true}]}}