{"id":1292,"date":"2025-02-12T19:30:51","date_gmt":"2025-02-12T18:30:51","guid":{"rendered":"https:\/\/tupacexpedition.com\/?page_id=1292"},"modified":"2025-02-12T19:59:50","modified_gmt":"2025-02-12T18:59:50","slug":"quienes-somos","status":"publish","type":"page","link":"https:\/\/tupacexpedition.com\/index.php\/quienes-somos\/","title":{"rendered":"QUIENES SOMOS"},"content":{"rendered":"\t\t<div data-elementor-type=\"wp-page\" data-elementor-id=\"1292\" class=\"elementor elementor-1292\">\n\t\t\t\t\t\t<section class=\"elementor-section elementor-top-section elementor-element elementor-element-9c0fdd3 elementor-section-boxed elementor-section-height-default elementor-section-height-default row-top\" data-id=\"9c0fdd3\" data-element_type=\"section\" data-e-type=\"section\">\n\t\t\t\t\t\t<div class=\"elementor-container elementor-column-gap-default\">\n\t\t\t\t\t<div class=\"elementor-column elementor-col-100 elementor-top-column elementor-element elementor-element-637b8ae\" data-id=\"637b8ae\" data-element_type=\"column\" data-e-type=\"column\">\n\t\t\t<div class=\"elementor-widget-wrap elementor-element-populated\">\n\t\t\t\t\t\t<div class=\"elementor-element elementor-element-500521b elementor-widget elementor-widget-text-editor\" data-id=\"500521b\" data-element_type=\"widget\" data-e-type=\"widget\" data-widget_type=\"text-editor.default\">\n\t\t\t\t<div class=\"elementor-widget-container\">\n\t\t\t\t\t\t\t\t\t<p data-start=\"21\" data-end=\"505\">Bienvenido a <strong data-start=\"34\" data-end=\"54\">TUPAC EXPEDITION<\/strong>, tu compa\u00f1ero de aventura en el coraz\u00f3n de los Andes, donde cada sendero te conecta con la historia, la cultura y la naturaleza de los majestuosos destinos de Cusco y Machu Picchu. Somos m\u00e1s que una agencia de viajes; somos gu\u00edas apasionados de una experiencia \u00fanica que va m\u00e1s all\u00e1 del simple recorrido. En <strong data-start=\"363\" data-end=\"383\">TUPAC EXPEDITION<\/strong>, transformamos tu curiosidad en vivencias profundas, donde cada paso que das se convierte en una exploraci\u00f3n inolvidable.<\/p><p data-start=\"507\" data-end=\"918\">Nuestra misi\u00f3n es ofrecerte un viaje aut\u00e9ntico, en el que no solo descubrir\u00e1s los paisajes m\u00e1s emblem\u00e1ticos de la regi\u00f3n, sino que tambi\u00e9n te sumergir\u00e1s en la rica herencia ancestral de los pueblos que han habitado estas tierras. Desde la imponente <strong data-start=\"756\" data-end=\"772\">Machu Picchu<\/strong> hasta los remotos rincones del <strong data-start=\"804\" data-end=\"821\">Valle Sagrado<\/strong>, cada destino es una invitaci\u00f3n a una traves\u00eda que, sin duda, cambiar\u00e1 tu perspectiva del mundo.<\/p>\t\t\t\t\t\t\t\t<\/div>\n\t\t\t\t<\/div>\n\t\t\t\t\t<\/div>\n\t\t<\/div>\n\t\t\t\t\t<\/div>\n\t\t<\/section>\n\t\t\t\t<section class=\"elementor-section elementor-top-section elementor-element elementor-element-b4e4ac1 elementor-section-boxed elementor-section-height-default elementor-section-height-default row-top\" data-id=\"b4e4ac1\" data-element_type=\"section\" data-e-type=\"section\">\n\t\t\t\t\t\t<div class=\"elementor-container elementor-column-gap-default\">\n\t\t\t\t\t<div class=\"elementor-column elementor-col-100 elementor-top-column elementor-element elementor-element-353b29a\" data-id=\"353b29a\" data-element_type=\"column\" data-e-type=\"column\">\n\t\t\t<div class=\"elementor-widget-wrap elementor-element-populated\">\n\t\t\t\t\t\t<div class=\"elementor-element elementor-element-3b37d48 elementor-widget elementor-widget-heading\" data-id=\"3b37d48\" data-element_type=\"widget\" data-e-type=\"widget\" data-widget_type=\"heading.default\">\n\t\t\t\t<div class=\"elementor-widget-container\">\n\t\t\t\t\t<h5 class=\"elementor-heading-title elementor-size-default\">Lo que nos hace \u00fanicos:<\/h5>\t\t\t\t<\/div>\n\t\t\t\t<\/div>\n\t\t\t\t\t<\/div>\n\t\t<\/div>\n\t\t\t\t\t<\/div>\n\t\t<\/section>\n\t\t\t\t<section class=\"elementor-section elementor-top-section elementor-element elementor-element-35daa68 elementor-section-boxed elementor-section-height-default elementor-section-height-default row-top\" data-id=\"35daa68\" data-element_type=\"section\" data-e-type=\"section\">\n\t\t\t\t\t\t<div class=\"elementor-container elementor-column-gap-default\">\n\t\t\t\t\t<div class=\"elementor-column elementor-col-100 elementor-top-column elementor-element elementor-element-876e371\" data-id=\"876e371\" data-element_type=\"column\" data-e-type=\"column\">\n\t\t\t<div class=\"elementor-widget-wrap elementor-element-populated\">\n\t\t\t\t\t\t<div class=\"elementor-element elementor-element-213f631 elementor-widget elementor-widget-text-editor\" data-id=\"213f631\" data-element_type=\"widget\" data-e-type=\"widget\" data-widget_type=\"text-editor.default\">\n\t\t\t\t<div class=\"elementor-widget-container\">\n\t\t\t\t\t\t\t\t\t<ul><li data-start=\"949\" data-end=\"1261\"><p data-start=\"951\" data-end=\"1261\"><strong data-start=\"951\" data-end=\"978\">Aventura Personalizada:<\/strong> En <strong data-start=\"982\" data-end=\"1002\">TUPAC EXPEDITION<\/strong>, cada viaje es dise\u00f1ado de manera \u00fanica para ti. Ya sea un recorrido a pie por los senderos incas, una experiencia cultural o un descanso junto a los paisajes m\u00e1s hermosos de la regi\u00f3n, nos aseguramos de que cada detalle refleje tus intereses y expectativas.<\/p><\/li><li data-start=\"1263\" data-end=\"1559\"><p data-start=\"1265\" data-end=\"1559\"><strong data-start=\"1265\" data-end=\"1310\">Conexi\u00f3n con la Historia y Cultura Local:<\/strong> No solo te llevamos a los lugares m\u00e1s visitados, sino que te guiamos en un viaje de inmersi\u00f3n cultural, donde conocer\u00e1s de cerca las tradiciones ancestrales, los rituales que a\u00fan perduran y las costumbres que han sido transmitidas por generaciones.<\/p><\/li><li data-start=\"1561\" data-end=\"1909\"><p data-start=\"1563\" data-end=\"1909\"><strong data-start=\"1563\" data-end=\"1587\">Enfoque Responsable:<\/strong> Somos conscientes de la responsabilidad que conlleva explorar estos destinos tan \u00fanicos. Nos comprometemos con un turismo sostenible, respetando el entorno natural y cultural, y apoyando a las comunidades locales en cada paso del camino. Cada uno de nuestros viajes tiene un impacto positivo en el bienestar de la regi\u00f3n.<\/p><\/li><\/ul>\t\t\t\t\t\t\t\t<\/div>\n\t\t\t\t<\/div>\n\t\t\t\t\t<\/div>\n\t\t<\/div>\n\t\t\t\t\t<\/div>\n\t\t<\/section>\n\t\t\t\t<section class=\"elementor-section elementor-top-section elementor-element elementor-element-fc3233e elementor-section-boxed elementor-section-height-default elementor-section-height-default row-top\" data-id=\"fc3233e\" data-element_type=\"section\" data-e-type=\"section\">\n\t\t\t\t\t\t<div class=\"elementor-container elementor-column-gap-default\">\n\t\t\t\t\t<div class=\"elementor-column elementor-col-100 elementor-top-column elementor-element elementor-element-cadebc2\" data-id=\"cadebc2\" data-element_type=\"column\" data-e-type=\"column\">\n\t\t\t<div class=\"elementor-widget-wrap elementor-element-populated\">\n\t\t\t\t\t\t<div class=\"elementor-element elementor-element-2b52d5c elementor-widget elementor-widget-text-editor\" data-id=\"2b52d5c\" data-element_type=\"widget\" data-e-type=\"widget\" data-widget_type=\"text-editor.default\">\n\t\t\t\t<div class=\"elementor-widget-container\">\n\t\t\t\t\t\t\t\t\t<p data-start=\"1911\" data-end=\"2160\">En <strong data-start=\"1914\" data-end=\"1934\">TUPAC EXPEDITION<\/strong>, entendemos que un viaje es mucho m\u00e1s que un destino; es una oportunidad para conectar con la naturaleza, la historia y las personas. Nos enorgullece acompa\u00f1arte en cada momento, creando recuerdos que perdurar\u00e1n para siempre.<\/p><p data-start=\"2162\" data-end=\"2383\" data-is-last-node=\"\"><strong data-start=\"2162\" data-end=\"2302\">\u00danete a nosotros en la aventura de tu vida con TUPAC EXPEDITION, donde cada experiencia te lleva m\u00e1s cerca de las leyendas de los Andes.<\/strong> \u00a1Vamos juntos a descubrir lo que la tierra de los incas tiene reservado para ti!<\/p>\t\t\t\t\t\t\t\t<\/div>\n\t\t\t\t<\/div>\n\t\t\t\t\t<\/div>\n\t\t<\/div>\n\t\t\t\t\t<\/div>\n\t\t<\/section>\n\t\t\t\t<section class=\"elementor-section elementor-top-section elementor-element elementor-element-3a38b82 elementor-section-boxed elementor-section-height-default elementor-section-height-default row-top\" data-id=\"3a38b82\" data-element_type=\"section\" data-e-type=\"section\">\n\t\t\t\t\t\t<div class=\"elementor-container elementor-column-gap-default\">\n\t\t\t\t\t<div class=\"elementor-column elementor-col-100 elementor-top-column elementor-element elementor-element-1649d00\" data-id=\"1649d00\" data-element_type=\"column\" data-e-type=\"column\">\n\t\t\t<div class=\"elementor-widget-wrap\">\n\t\t\t\t\t\t\t<\/div>\n\t\t<\/div>\n\t\t\t\t\t<\/div>\n\t\t<\/section>\n\t\t\t\t<section class=\"elementor-section elementor-top-section elementor-element elementor-element-15a7bac elementor-section-boxed elementor-section-height-default elementor-section-height-default row-top\" data-id=\"15a7bac\" data-element_type=\"section\" data-e-type=\"section\">\n\t\t\t\t\t\t<div class=\"elementor-container elementor-column-gap-default\">\n\t\t\t\t\t<div class=\"elementor-column elementor-col-50 elementor-top-column elementor-element elementor-element-5d5df6a\" data-id=\"5d5df6a\" data-element_type=\"column\" data-e-type=\"column\">\n\t\t\t<div class=\"elementor-widget-wrap elementor-element-populated\">\n\t\t\t\t\t\t<div class=\"elementor-element elementor-element-4f60993 elementor-widget elementor-widget-image\" data-id=\"4f60993\" data-element_type=\"widget\" data-e-type=\"widget\" data-widget_type=\"image.default\">\n\t\t\t\t<div class=\"elementor-widget-container\">\n\t\t\t\t\t\t\t\t\t\t\t\t\t\t\t<img fetchpriority=\"high\" decoding=\"async\" width=\"728\" height=\"1024\" src=\"https:\/\/tupacexpedition.com\/wp-content\/uploads\/2025\/02\/afiche-agencia-01-scaled-1-768x1081-1-728x1024.webp\" class=\"attachment-large size-large wp-image-1294\" alt=\"\" srcset=\"https:\/\/tupacexpedition.com\/wp-content\/uploads\/2025\/02\/afiche-agencia-01-scaled-1-768x1081-1-728x1024.webp 728w, https:\/\/tupacexpedition.com\/wp-content\/uploads\/2025\/02\/afiche-agencia-01-scaled-1-768x1081-1.webp 768w\" sizes=\"(max-width: 728px) 100vw, 728px\" \/>\t\t\t\t\t\t\t\t\t\t\t\t\t\t\t<\/div>\n\t\t\t\t<\/div>\n\t\t\t\t\t<\/div>\n\t\t<\/div>\n\t\t\t\t<div class=\"elementor-column elementor-col-50 elementor-top-column elementor-element elementor-element-61bebfe\" data-id=\"61bebfe\" data-element_type=\"column\" data-e-type=\"column\">\n\t\t\t<div class=\"elementor-widget-wrap elementor-element-populated\">\n\t\t\t\t\t\t<div class=\"elementor-element elementor-element-25b5e9b elementor-widget elementor-widget-image\" data-id=\"25b5e9b\" data-element_type=\"widget\" data-e-type=\"widget\" data-widget_type=\"image.default\">\n\t\t\t\t<div class=\"elementor-widget-container\">\n\t\t\t\t\t\t\t\t\t\t\t\t\t\t\t<img decoding=\"async\" width=\"724\" height=\"1024\" src=\"https:\/\/tupacexpedition.com\/wp-content\/uploads\/2025\/02\/WhatsApp-Image-2025-02-12-at-1.57.14-PM-724x1024.jpeg\" class=\"attachment-large size-large wp-image-1314\" alt=\"\" srcset=\"https:\/\/tupacexpedition.com\/wp-content\/uploads\/2025\/02\/WhatsApp-Image-2025-02-12-at-1.57.14-PM-724x1024.jpeg 724w, https:\/\/tupacexpedition.com\/wp-content\/uploads\/2025\/02\/WhatsApp-Image-2025-02-12-at-1.57.14-PM-768x1086.jpeg 768w, https:\/\/tupacexpedition.com\/wp-content\/uploads\/2025\/02\/WhatsApp-Image-2025-02-12-at-1.57.14-PM.jpeg 1132w\" sizes=\"(max-width: 724px) 100vw, 724px\" \/>\t\t\t\t\t\t\t\t\t\t\t\t\t\t\t<\/div>\n\t\t\t\t<\/div>\n\t\t\t\t\t<\/div>\n\t\t<\/div>\n\t\t\t\t\t<\/div>\n\t\t<\/section>\n\t\t\t\t<\/div>\n\t\t","protected":false},"excerpt":{"rendered":"<p>Bienvenido a TUPAC EXPEDITION, tu compa\u00f1ero de aventura en el coraz\u00f3n de los Andes, donde cada sendero te conecta con la historia, la cultura y la naturaleza de los majestuosos [&hellip;]<\/p>\n","protected":false},"author":1,"featured_media":0,"parent":0,"menu_order":0,"comment_status":"closed","ping_status":"closed","template":"","meta":{"footnotes":""},"class_list":["post-1292","page","type-page","status-publish","hentry"],"_links":{"self":[{"href":"https:\/\/tupacexpedition.com\/index.php\/wp-json\/wp\/v2\/pages\/1292","targetHints":{"allow":["GET"]}}],"collection":[{"href":"https:\/\/tupacexpedition.com\/index.php\/wp-json\/wp\/v2\/pages"}],"about":[{"href":"https:\/\/tupacexpedition.com\/index.php\/wp-json\/wp\/v2\/types\/page"}],"author":[{"embeddable":true,"href":"https:\/\/tupacexpedition.com\/index.php\/wp-json\/wp\/v2\/users\/1"}],"replies":[{"embeddable":true,"href":"https:\/\/tupacexpedition.com\/index.php\/wp-json\/wp\/v2\/comments?post=1292"}],"version-history":[{"count":7,"href":"https:\/\/tupacexpedition.com\/index.php\/wp-json\/wp\/v2\/pages\/1292\/revisions"}],"predecessor-version":[{"id":1317,"href":"https:\/\/tupacexpedition.com\/index.php\/wp-json\/wp\/v2\/pages\/1292\/revisions\/1317"}],"wp:attachment":[{"href":"https:\/\/tupacexpedition.com\/index.php\/wp-json\/wp\/v2\/media?parent=1292"}],"curies":[{"name":"wp","href":"https:\/\/api.w.org\/{rel}","templated":true}]}}